{"id":27,"date":"2022-12-05T12:30:17","date_gmt":"2022-12-05T11:30:17","guid":{"rendered":"http:\/\/inekom.fr\/CT404873-ovh\/?page_id=27"},"modified":"2026-03-27T12:16:41","modified_gmt":"2026-03-27T11:16:41","slug":"evenementiel","status":"publish","type":"page","link":"https:\/\/www.inekom.fr\/evenementiel\/","title":{"rendered":"\u00c9v\u00e9nementiel"},"content":{"rendered":"\t\t<div data-elementor-type=\"wp-page\" data-elementor-id=\"27\" class=\"elementor elementor-27\">\n\t\t\t\t\t\t<section class=\"elementor-section elementor-top-section elementor-element elementor-element-2903091 elementor-section-boxed elementor-section-height-default elementor-section-height-default\" data-id=\"2903091\" data-element_type=\"section\" data-e-type=\"section\" data-settings=\"{&quot;background_background&quot;:&quot;classic&quot;}\">\n\t\t\t\t\t\t<div class=\"elementor-container elementor-column-gap-default\">\n\t\t\t\t\t<div class=\"elementor-column elementor-col-100 elementor-top-column elementor-element elementor-element-82d1fc8\" data-id=\"82d1fc8\" data-element_type=\"column\" data-e-type=\"column\">\n\t\t\t<div class=\"elementor-widget-wrap elementor-element-populated\">\n\t\t\t\t\t\t<div class=\"elementor-element elementor-element-0636101 elementor-widget elementor-widget-heading\" data-id=\"0636101\" data-element_type=\"widget\" data-e-type=\"widget\" data-widget_type=\"heading.default\">\n\t\t\t\t<div class=\"elementor-widget-container\">\n\t\t\t\t\t<h2 class=\"elementor-heading-title elementor-size-default\">\u00e9v\u00e9nementiel<\/h2>\t\t\t\t<\/div>\n\t\t\t\t<\/div>\n\t\t\t\t<div class=\"elementor-element elementor-element-886daa0 elementor-widget elementor-widget-text-editor\" data-id=\"886daa0\" data-element_type=\"widget\" data-e-type=\"widget\" data-widget_type=\"text-editor.default\">\n\t\t\t\t<div class=\"elementor-widget-container\">\n\t\t\t\t\t\t\t\t\t<p>Organisation d&rsquo;\u00e9v\u00e9nements : Faites de votre \u00e9v\u00e9nement un moment inoubliable avec Inekom T2C<\/p>\t\t\t\t\t\t\t\t<\/div>\n\t\t\t\t<\/div>\n\t\t\t\t<section class=\"elementor-section elementor-inner-section elementor-element elementor-element-14bf342 elementor-section-boxed elementor-section-height-default elementor-section-height-default\" data-id=\"14bf342\" data-element_type=\"section\" data-e-type=\"section\" data-settings=\"{&quot;background_background&quot;:&quot;classic&quot;}\">\n\t\t\t\t\t\t<div class=\"elementor-container elementor-column-gap-default\">\n\t\t\t\t\t<div class=\"elementor-column elementor-col-100 elementor-inner-column elementor-element elementor-element-41e2b04\" data-id=\"41e2b04\" data-element_type=\"column\" data-e-type=\"column\">\n\t\t\t<div class=\"elementor-widget-wrap elementor-element-populated\">\n\t\t\t\t\t\t<div class=\"elementor-element elementor-element-f3c1456 elementor-widget elementor-widget-text-editor\" data-id=\"f3c1456\" data-element_type=\"widget\" data-e-type=\"widget\" data-widget_type=\"text-editor.default\">\n\t\t\t\t<div class=\"elementor-widget-container\">\n\t\t\t\t\t\t\t\t\t<p>Vous souhaitez attirer de nouveaux clients, rassembler vos collaborateurs ou organiser un \u00e9v\u00e9nement convivial ? <strong>Inekom T2C<\/strong> est l\u00e0 pour simplifier l\u2019organisation de votre \u00e9v\u00e9nement et en faire un succ\u00e8s.<\/p>\n<p>Nous vous accompagnons dans chaque \u00e9tape, de la <strong>logistique<\/strong> \u00e0 la <strong>communication<\/strong>, en passant par la cr\u00e9ation de supports <strong>publicitaires personnalis\u00e9s<\/strong>. Profitez de notre expertise pour all\u00e9ger votre travail et faire de votre \u00e9v\u00e9nement un v\u00e9ritable succ\u00e8s !<\/p>\n<h3>L&rsquo;organisation d&rsquo;\u00e9v\u00e9nements sur mesure<\/h3>\n<p>L\u2019organisation d\u2019un \u00e9v\u00e9nement n\u00e9cessite une planification soign\u00e9e. Pour r\u00e9ussir, il faut d\u00e9finir vos objectifs, vos cibles et le budget allou\u00e9. Chez <strong>Inekom T2C<\/strong>, nous vous aidons \u00e0 structurer votre \u00e9v\u00e9nement, en prenant en compte vos pr\u00e9f\u00e9rences et votre <strong>zone g\u00e9ographique<\/strong>.<\/p>\n<h3>Des solutions compl\u00e8tes pour vos \u00e9v\u00e9nements<\/h3>\n<p>Gr\u00e2ce \u00e0 nos services d&rsquo;<strong>impression personnalis\u00e9e<\/strong> et d&rsquo;<strong>objets publicitaires<\/strong>, nous cr\u00e9ons des supports uniques pour marquer l\u2019esprit de vos invit\u00e9s :<\/p>\n<ul>\n<li><strong>Cartes d\u2019invitation personnalis\u00e9es<\/strong> : Attirez l&rsquo;attention avant l&rsquo;\u00e9v\u00e9nement.<\/li>\n<li><strong>Goodies et objets personnalis\u00e9s<\/strong> : Offrez des cadeaux m\u00e9morables \u00e0 vos invit\u00e9s.<\/li>\n<li><strong>Souvenirs personnalis\u00e9s<\/strong> : Remerciez vos invit\u00e9s avec des cadeaux uniques.<\/li>\n<\/ul>\n<p>Ces \u00e9l\u00e9ments permettent de renforcer l&rsquo;impact de votre \u00e9v\u00e9nement et la fid\u00e9lit\u00e9 de vos invit\u00e9s.<\/p>\n<h3>Animation musicale : concerts, DJ et jeux interactifs<\/h3>\n<p>Offrez une exp\u00e9rience musicale unique \u00e0 vos invit\u00e9s gr\u00e2ce \u00e0 nos services sp\u00e9cialis\u00e9s :<\/p>\n<ul>\n<li><strong>Human-Jukebox<\/strong> : Vos invit\u00e9s choisissent la musique.<\/li>\n<li><strong>Blind-test musical<\/strong> : Un quiz interactif et amusant.<\/li>\n<li><strong>Concerts et soir\u00e9es DJ<\/strong> : Des animations musicales pour tous les go\u00fbts.<\/li>\n<\/ul>\n<p>Depuis 2020, <strong>Inekom T2C<\/strong> a organis\u00e9 plus de 700 concerts et 500 soir\u00e9es DJ. Pourquoi ne pas organiser la v\u00f4tre ?<\/p>\n<h3>Pourquoi choisir Inekom T2C pour votre \u00e9v\u00e9nement ?<\/h3>\n<p>Avec notre exp\u00e9rience dans l&rsquo;organisation d&rsquo;\u00e9v\u00e9nements, <strong>Inekom T2C<\/strong> met \u00e0 votre disposition un service cl\u00e9 en main, alliant <strong>cr\u00e9ativit\u00e9<\/strong>, <strong>logistique<\/strong> et <strong>personnalisation<\/strong>. Nous avons su cr\u00e9er des exp\u00e9riences m\u00e9morables pour de nombreux clients, qu&rsquo;il s&rsquo;agisse de <strong>concerts<\/strong>, de <strong>soir\u00e9es DJ<\/strong> ou d&rsquo;<strong>animations musicales<\/strong>.<\/p>\n<p>Nous vous garantissons une gestion fluide et un <strong>r\u00e9sultat \u00e0 la hauteur de vos attentes<\/strong>. Faites de votre prochain \u00e9v\u00e9nement un moment unique et inoubliable gr\u00e2ce \u00e0 notre expertise.<\/p>\n<p><strong>\u00c0 quand votre prochain \u00e9v\u00e9nement avec Inekom T2C ?<\/strong><\/p>\t\t\t\t\t\t\t\t<\/div>\n\t\t\t\t<\/div>\n\t\t\t\t\t<\/div>\n\t\t<\/div>\n\t\t\t\t\t<\/div>\n\t\t<\/section>\n\t\t\t\t<div class=\"elementor-element elementor-element-9e6b8ff elementor-widget elementor-widget-spacer\" data-id=\"9e6b8ff\" data-element_type=\"widget\" data-e-type=\"widget\" data-widget_type=\"spacer.default\">\n\t\t\t\t<div class=\"elementor-widget-container\">\n\t\t\t\t\t\t\t<div class=\"elementor-spacer\">\n\t\t\t<div class=\"elementor-spacer-inner\"><\/div>\n\t\t<\/div>\n\t\t\t\t\t\t<\/div>\n\t\t\t\t<\/div>\n\t\t\t\t\t<\/div>\n\t\t<\/div>\n\t\t\t\t\t<\/div>\n\t\t<\/section>\n\t\t\t\t<section class=\"elementor-section elementor-top-section elementor-element elementor-element-073d309 elementor-section-boxed elementor-section-height-default elementor-section-height-default\" data-id=\"073d309\" data-element_type=\"section\" data-e-type=\"section\">\n\t\t\t\t\t\t<div class=\"elementor-container elementor-column-gap-default\">\n\t\t\t\t\t<div class=\"elementor-column elementor-col-100 elementor-top-column elementor-element elementor-element-7ef3d0c\" data-id=\"7ef3d0c\" data-element_type=\"column\" data-e-type=\"column\">\n\t\t\t<div class=\"elementor-widget-wrap elementor-element-populated\">\n\t\t\t\t\t\t<div class=\"elementor-element elementor-element-1b034e4 elementor-arrows-position-inside elementor-pagination-position-outside elementor-widget elementor-widget-image-carousel\" data-id=\"1b034e4\" data-element_type=\"widget\" data-e-type=\"widget\" data-settings=\"{&quot;slides_to_scroll_mobile&quot;:&quot;2&quot;,&quot;slides_to_show_tablet&quot;:&quot;3&quot;,&quot;slides_to_show_mobile&quot;:&quot;2&quot;,&quot;navigation&quot;:&quot;both&quot;,&quot;autoplay&quot;:&quot;yes&quot;,&quot;pause_on_hover&quot;:&quot;yes&quot;,&quot;pause_on_interaction&quot;:&quot;yes&quot;,&quot;autoplay_speed&quot;:5000,&quot;infinite&quot;:&quot;yes&quot;,&quot;speed&quot;:500}\" data-widget_type=\"image-carousel.default\">\n\t\t\t\t<div class=\"elementor-widget-container\">\n\t\t\t\t\t\t\t<div class=\"elementor-image-carousel-wrapper swiper\" role=\"region\" aria-roledescription=\"carousel\" aria-label=\"Carrousel d\u2019images\" dir=\"ltr\">\n\t\t\t<div class=\"elementor-image-carousel swiper-wrapper\" aria-live=\"off\">\n\t\t\t\t\t\t\t\t<div class=\"swiper-slide\" role=\"group\" aria-roledescription=\"slide\" aria-label=\"1 sur 6\"><figure class=\"swiper-slide-inner\"><img decoding=\"async\" class=\"swiper-slide-image\" src=\"https:\/\/www.inekom.fr\/wp-content\/uploads\/2023\/03\/Concert-1024x1024.png\" alt=\"Concert\" \/><\/figure><\/div><div class=\"swiper-slide\" role=\"group\" aria-roledescription=\"slide\" aria-label=\"2 sur 6\"><figure class=\"swiper-slide-inner\"><img decoding=\"async\" class=\"swiper-slide-image\" src=\"https:\/\/www.inekom.fr\/wp-content\/uploads\/2023\/03\/1-1024x1024.png\" alt=\"DJ\" \/><\/figure><\/div><div class=\"swiper-slide\" role=\"group\" aria-roledescription=\"slide\" aria-label=\"3 sur 6\"><figure class=\"swiper-slide-inner\"><img decoding=\"async\" class=\"swiper-slide-image\" src=\"https:\/\/www.inekom.fr\/wp-content\/uploads\/2023\/03\/2-1024x1024.png\" alt=\"Lancement Ducati\" \/><\/figure><\/div><div class=\"swiper-slide\" role=\"group\" aria-roledescription=\"slide\" aria-label=\"4 sur 6\"><figure class=\"swiper-slide-inner\"><img decoding=\"async\" class=\"swiper-slide-image\" src=\"https:\/\/www.inekom.fr\/wp-content\/uploads\/2023\/03\/4-1024x1024.png\" alt=\"Rassemblement MV Agusta et Alpin\" \/><\/figure><\/div><div class=\"swiper-slide\" role=\"group\" aria-roledescription=\"slide\" aria-label=\"5 sur 6\"><figure class=\"swiper-slide-inner\"><img decoding=\"async\" class=\"swiper-slide-image\" src=\"https:\/\/www.inekom.fr\/wp-content\/uploads\/2023\/03\/3-1024x1024.png\" alt=\"Lancement Ducati\" \/><\/figure><\/div><div class=\"swiper-slide\" role=\"group\" aria-roledescription=\"slide\" aria-label=\"6 sur 6\"><figure class=\"swiper-slide-inner\"><img decoding=\"async\" class=\"swiper-slide-image\" src=\"https:\/\/www.inekom.fr\/wp-content\/uploads\/2023\/03\/5-1024x1024.png\" alt=\"Lancement Ducati\" \/><\/figure><\/div>\t\t\t<\/div>\n\t\t\t\t\t\t\t\t\t\t\t\t<div class=\"elementor-swiper-button elementor-swiper-button-prev\" role=\"button\" tabindex=\"0\">\n\t\t\t\t\t\t<i aria-hidden=\"true\" class=\"eicon-chevron-left\"><\/i>\t\t\t\t\t<\/div>\n\t\t\t\t\t<div class=\"elementor-swiper-button elementor-swiper-button-next\" role=\"button\" tabindex=\"0\">\n\t\t\t\t\t\t<i aria-hidden=\"true\" class=\"eicon-chevron-right\"><\/i>\t\t\t\t\t<\/div>\n\t\t\t\t\n\t\t\t\t\t\t\t\t\t<div class=\"swiper-pagination\"><\/div>\n\t\t\t\t\t\t\t\t\t<\/div>\n\t\t\t\t\t\t<\/div>\n\t\t\t\t<\/div>\n\t\t\t\t<section class=\"elementor-section elementor-inner-section elementor-element elementor-element-7b9dcb6 elementor-section-boxed elementor-section-height-default elementor-section-height-default\" data-id=\"7b9dcb6\" data-element_type=\"section\" data-e-type=\"section\">\n\t\t\t\t\t\t<div class=\"elementor-container elementor-column-gap-default\">\n\t\t\t\t\t<div class=\"elementor-column elementor-col-50 elementor-inner-column elementor-element elementor-element-4dee4e6\" data-id=\"4dee4e6\" data-element_type=\"column\" data-e-type=\"column\">\n\t\t\t<div class=\"elementor-widget-wrap elementor-element-populated\">\n\t\t\t\t\t\t<div class=\"elementor-element elementor-element-c14422e elementor-align-center elementor-widget elementor-widget-button\" data-id=\"c14422e\" data-element_type=\"widget\" data-e-type=\"widget\" data-widget_type=\"button.default\">\n\t\t\t\t<div class=\"elementor-widget-container\">\n\t\t\t\t\t\t\t\t\t<div class=\"elementor-button-wrapper\">\n\t\t\t\t\t<a class=\"elementor-button elementor-button-link elementor-size-xs elementor-animation-shrink\" href=\"https:\/\/www.inekom.fr\/impression\/\">\n\t\t\t\t\t\t<span class=\"elementor-button-content-wrapper\">\n\t\t\t\t\t\t\t\t\t<span class=\"elementor-button-text\">L'impression<\/span>\n\t\t\t\t\t<\/span>\n\t\t\t\t\t<\/a>\n\t\t\t\t<\/div>\n\t\t\t\t\t\t\t\t<\/div>\n\t\t\t\t<\/div>\n\t\t\t\t\t<\/div>\n\t\t<\/div>\n\t\t\t\t<div class=\"elementor-column elementor-col-50 elementor-inner-column elementor-element elementor-element-43df7f5\" data-id=\"43df7f5\" data-element_type=\"column\" data-e-type=\"column\">\n\t\t\t<div class=\"elementor-widget-wrap elementor-element-populated\">\n\t\t\t\t\t\t<div class=\"elementor-element elementor-element-d3f7207 elementor-align-center elementor-widget elementor-widget-button\" data-id=\"d3f7207\" data-element_type=\"widget\" data-e-type=\"widget\" data-widget_type=\"button.default\">\n\t\t\t\t<div class=\"elementor-widget-container\">\n\t\t\t\t\t\t\t\t\t<div class=\"elementor-button-wrapper\">\n\t\t\t\t\t<a class=\"elementor-button elementor-button-link elementor-size-xs elementor-animation-shrink\" href=\"https:\/\/www.inekom.fr\/objet-pub\/\">\n\t\t\t\t\t\t<span class=\"elementor-button-content-wrapper\">\n\t\t\t\t\t\t\t\t\t<span class=\"elementor-button-text\">L'objet publicitaire<\/span>\n\t\t\t\t\t<\/span>\n\t\t\t\t\t<\/a>\n\t\t\t\t<\/div>\n\t\t\t\t\t\t\t\t<\/div>\n\t\t\t\t<\/div>\n\t\t\t\t\t<\/div>\n\t\t<\/div>\n\t\t\t\t\t<\/div>\n\t\t<\/section>\n\t\t\t\t\t<\/div>\n\t\t<\/div>\n\t\t\t\t\t<\/div>\n\t\t<\/section>\n\t\t\t\t<\/div>\n\t\t","protected":false},"excerpt":{"rendered":"<p>\u00e9v\u00e9nementiel Organisation d&rsquo;\u00e9v\u00e9nements : Faites de votre \u00e9v\u00e9nement un moment inoubliable avec Inekom T2C Vous souhaitez attirer de nouveaux clients, rassembler vos collaborateurs ou organiser un \u00e9v\u00e9nement convivial ? Inekom T2C est l\u00e0 pour simplifier l\u2019organisation de votre \u00e9v\u00e9nement et en faire un succ\u00e8s. Nous vous accompagnons dans chaque \u00e9tape, de la logistique \u00e0 la [&hellip;]<\/p>\n","protected":false},"author":1,"featured_media":0,"parent":0,"menu_order":0,"comment_status":"closed","ping_status":"closed","template":"","meta":{"footnotes":""},"class_list":["post-27","page","type-page","status-publish","hentry"],"yoast_head":"<!-- This site is optimized with the Yoast SEO plugin v27.3 - https:\/\/yoast.com\/product\/yoast-seo-wordpress\/ -->\n<title>Communication \u00c9v\u00e9nementielle | Stands, B\u00e2ches, Signal\u00e9tique | Inekom T2C<\/title>\n<meta name=\"description\" content=\"Inekom T2C accompagne vos \u00e9v\u00e9nements professionnels : stands, kak\u00e9monos, b\u00e2ches, signal\u00e9tique sur mesure. Solutions imprim\u00e9es cl\u00e9 en main pour salons et s\u00e9minaires.\" \/>\n<meta name=\"robots\" content=\"index, follow, max-snippet:-1, max-image-preview:large, max-video-preview:-1\" \/>\n<link rel=\"canonical\" href=\"https:\/\/www.inekom.fr\/evenementiel\/\" \/>\n<meta property=\"og:locale\" content=\"fr_FR\" \/>\n<meta property=\"og:type\" content=\"article\" \/>\n<meta property=\"og:title\" content=\"Communication \u00c9v\u00e9nementielle | Stands, B\u00e2ches, Signal\u00e9tique | Inekom T2C\" \/>\n<meta property=\"og:description\" content=\"Inekom T2C accompagne vos \u00e9v\u00e9nements professionnels : stands, kak\u00e9monos, b\u00e2ches, signal\u00e9tique sur mesure. Solutions imprim\u00e9es cl\u00e9 en main pour salons et s\u00e9minaires.\" \/>\n<meta property=\"og:url\" content=\"https:\/\/www.inekom.fr\/evenementiel\/\" \/>\n<meta property=\"og:site_name\" content=\"InekomT2C\" \/>\n<meta property=\"article:modified_time\" content=\"2026-03-27T11:16:41+00:00\" \/>\n<meta property=\"og:image\" content=\"https:\/\/www.inekom.fr\/wp-content\/uploads\/2023\/03\/Concert-1024x1024.png\" \/>\n<meta name=\"twitter:card\" content=\"summary_large_image\" \/>\n<meta name=\"twitter:label1\" content=\"Dur\u00e9e de lecture estim\u00e9e\" \/>\n\t<meta name=\"twitter:data1\" content=\"3 minutes\" \/>\n<script type=\"application\/ld+json\" class=\"yoast-schema-graph\">{\"@context\":\"https:\\\/\\\/schema.org\",\"@graph\":[{\"@type\":\"WebPage\",\"@id\":\"https:\\\/\\\/www.inekom.fr\\\/evenementiel\\\/\",\"url\":\"https:\\\/\\\/www.inekom.fr\\\/evenementiel\\\/\",\"name\":\"Communication \u00c9v\u00e9nementielle | Stands, B\u00e2ches, Signal\u00e9tique | Inekom T2C\",\"isPartOf\":{\"@id\":\"https:\\\/\\\/www.inekom.fr\\\/#website\"},\"primaryImageOfPage\":{\"@id\":\"https:\\\/\\\/www.inekom.fr\\\/evenementiel\\\/#primaryimage\"},\"image\":{\"@id\":\"https:\\\/\\\/www.inekom.fr\\\/evenementiel\\\/#primaryimage\"},\"thumbnailUrl\":\"https:\\\/\\\/www.inekom.fr\\\/wp-content\\\/uploads\\\/2023\\\/03\\\/Concert-1024x1024.png\",\"datePublished\":\"2022-12-05T11:30:17+00:00\",\"dateModified\":\"2026-03-27T11:16:41+00:00\",\"description\":\"Inekom T2C accompagne vos \u00e9v\u00e9nements professionnels : stands, kak\u00e9monos, b\u00e2ches, signal\u00e9tique sur mesure. Solutions imprim\u00e9es cl\u00e9 en main pour salons et s\u00e9minaires.\",\"breadcrumb\":{\"@id\":\"https:\\\/\\\/www.inekom.fr\\\/evenementiel\\\/#breadcrumb\"},\"inLanguage\":\"fr-FR\",\"potentialAction\":[{\"@type\":\"ReadAction\",\"target\":[\"https:\\\/\\\/www.inekom.fr\\\/evenementiel\\\/\"]}]},{\"@type\":\"ImageObject\",\"inLanguage\":\"fr-FR\",\"@id\":\"https:\\\/\\\/www.inekom.fr\\\/evenementiel\\\/#primaryimage\",\"url\":\"https:\\\/\\\/www.inekom.fr\\\/wp-content\\\/uploads\\\/2023\\\/03\\\/Concert.png\",\"contentUrl\":\"https:\\\/\\\/www.inekom.fr\\\/wp-content\\\/uploads\\\/2023\\\/03\\\/Concert.png\",\"width\":1755,\"height\":1755,\"caption\":\"Concert\"},{\"@type\":\"BreadcrumbList\",\"@id\":\"https:\\\/\\\/www.inekom.fr\\\/evenementiel\\\/#breadcrumb\",\"itemListElement\":[{\"@type\":\"ListItem\",\"position\":1,\"name\":\"Accueil\",\"item\":\"https:\\\/\\\/www.inekom.fr\\\/\"},{\"@type\":\"ListItem\",\"position\":2,\"name\":\"\u00c9v\u00e9nementiel\"}]},{\"@type\":\"WebSite\",\"@id\":\"https:\\\/\\\/www.inekom.fr\\\/#website\",\"url\":\"https:\\\/\\\/www.inekom.fr\\\/\",\"name\":\"InekomT2C\",\"description\":\"Votre communication augment\u00e9e !\",\"publisher\":{\"@id\":\"https:\\\/\\\/www.inekom.fr\\\/#organization\"},\"potentialAction\":[{\"@type\":\"SearchAction\",\"target\":{\"@type\":\"EntryPoint\",\"urlTemplate\":\"https:\\\/\\\/www.inekom.fr\\\/?s={search_term_string}\"},\"query-input\":{\"@type\":\"PropertyValueSpecification\",\"valueRequired\":true,\"valueName\":\"search_term_string\"}}],\"inLanguage\":\"fr-FR\"},{\"@type\":\"Organization\",\"@id\":\"https:\\\/\\\/www.inekom.fr\\\/#organization\",\"name\":\"InekomT2C\",\"url\":\"https:\\\/\\\/www.inekom.fr\\\/\",\"logo\":{\"@type\":\"ImageObject\",\"inLanguage\":\"fr-FR\",\"@id\":\"https:\\\/\\\/www.inekom.fr\\\/#\\\/schema\\\/logo\\\/image\\\/\",\"url\":\"https:\\\/\\\/www.inekom.fr\\\/wp-content\\\/uploads\\\/2023\\\/03\\\/Logo.png\",\"contentUrl\":\"https:\\\/\\\/www.inekom.fr\\\/wp-content\\\/uploads\\\/2023\\\/03\\\/Logo.png\",\"width\":8409,\"height\":4724,\"caption\":\"InekomT2C\"},\"image\":{\"@id\":\"https:\\\/\\\/www.inekom.fr\\\/#\\\/schema\\\/logo\\\/image\\\/\"}}]}<\/script>\n<!-- \/ Yoast SEO plugin. -->","yoast_head_json":{"title":"Communication \u00c9v\u00e9nementielle | Stands, B\u00e2ches, Signal\u00e9tique | Inekom T2C","description":"Inekom T2C accompagne vos \u00e9v\u00e9nements professionnels : stands, kak\u00e9monos, b\u00e2ches, signal\u00e9tique sur mesure. Solutions imprim\u00e9es cl\u00e9 en main pour salons et s\u00e9minaires.","robots":{"index":"index","follow":"follow","max-snippet":"max-snippet:-1","max-image-preview":"max-image-preview:large","max-video-preview":"max-video-preview:-1"},"canonical":"https:\/\/www.inekom.fr\/evenementiel\/","og_locale":"fr_FR","og_type":"article","og_title":"Communication \u00c9v\u00e9nementielle | Stands, B\u00e2ches, Signal\u00e9tique | Inekom T2C","og_description":"Inekom T2C accompagne vos \u00e9v\u00e9nements professionnels : stands, kak\u00e9monos, b\u00e2ches, signal\u00e9tique sur mesure. Solutions imprim\u00e9es cl\u00e9 en main pour salons et s\u00e9minaires.","og_url":"https:\/\/www.inekom.fr\/evenementiel\/","og_site_name":"InekomT2C","article_modified_time":"2026-03-27T11:16:41+00:00","og_image":[{"url":"https:\/\/www.inekom.fr\/wp-content\/uploads\/2023\/03\/Concert-1024x1024.png","type":"","width":"","height":""}],"twitter_card":"summary_large_image","twitter_misc":{"Dur\u00e9e de lecture estim\u00e9e":"3 minutes"},"schema":{"@context":"https:\/\/schema.org","@graph":[{"@type":"WebPage","@id":"https:\/\/www.inekom.fr\/evenementiel\/","url":"https:\/\/www.inekom.fr\/evenementiel\/","name":"Communication \u00c9v\u00e9nementielle | Stands, B\u00e2ches, Signal\u00e9tique | Inekom T2C","isPartOf":{"@id":"https:\/\/www.inekom.fr\/#website"},"primaryImageOfPage":{"@id":"https:\/\/www.inekom.fr\/evenementiel\/#primaryimage"},"image":{"@id":"https:\/\/www.inekom.fr\/evenementiel\/#primaryimage"},"thumbnailUrl":"https:\/\/www.inekom.fr\/wp-content\/uploads\/2023\/03\/Concert-1024x1024.png","datePublished":"2022-12-05T11:30:17+00:00","dateModified":"2026-03-27T11:16:41+00:00","description":"Inekom T2C accompagne vos \u00e9v\u00e9nements professionnels : stands, kak\u00e9monos, b\u00e2ches, signal\u00e9tique sur mesure. Solutions imprim\u00e9es cl\u00e9 en main pour salons et s\u00e9minaires.","breadcrumb":{"@id":"https:\/\/www.inekom.fr\/evenementiel\/#breadcrumb"},"inLanguage":"fr-FR","potentialAction":[{"@type":"ReadAction","target":["https:\/\/www.inekom.fr\/evenementiel\/"]}]},{"@type":"ImageObject","inLanguage":"fr-FR","@id":"https:\/\/www.inekom.fr\/evenementiel\/#primaryimage","url":"https:\/\/www.inekom.fr\/wp-content\/uploads\/2023\/03\/Concert.png","contentUrl":"https:\/\/www.inekom.fr\/wp-content\/uploads\/2023\/03\/Concert.png","width":1755,"height":1755,"caption":"Concert"},{"@type":"BreadcrumbList","@id":"https:\/\/www.inekom.fr\/evenementiel\/#breadcrumb","itemListElement":[{"@type":"ListItem","position":1,"name":"Accueil","item":"https:\/\/www.inekom.fr\/"},{"@type":"ListItem","position":2,"name":"\u00c9v\u00e9nementiel"}]},{"@type":"WebSite","@id":"https:\/\/www.inekom.fr\/#website","url":"https:\/\/www.inekom.fr\/","name":"InekomT2C","description":"Votre communication augment\u00e9e !","publisher":{"@id":"https:\/\/www.inekom.fr\/#organization"},"potentialAction":[{"@type":"SearchAction","target":{"@type":"EntryPoint","urlTemplate":"https:\/\/www.inekom.fr\/?s={search_term_string}"},"query-input":{"@type":"PropertyValueSpecification","valueRequired":true,"valueName":"search_term_string"}}],"inLanguage":"fr-FR"},{"@type":"Organization","@id":"https:\/\/www.inekom.fr\/#organization","name":"InekomT2C","url":"https:\/\/www.inekom.fr\/","logo":{"@type":"ImageObject","inLanguage":"fr-FR","@id":"https:\/\/www.inekom.fr\/#\/schema\/logo\/image\/","url":"https:\/\/www.inekom.fr\/wp-content\/uploads\/2023\/03\/Logo.png","contentUrl":"https:\/\/www.inekom.fr\/wp-content\/uploads\/2023\/03\/Logo.png","width":8409,"height":4724,"caption":"InekomT2C"},"image":{"@id":"https:\/\/www.inekom.fr\/#\/schema\/logo\/image\/"}}]}},"_links":{"self":[{"href":"https:\/\/www.inekom.fr\/wp-json\/wp\/v2\/pages\/27","targetHints":{"allow":["GET"]}}],"collection":[{"href":"https:\/\/www.inekom.fr\/wp-json\/wp\/v2\/pages"}],"about":[{"href":"https:\/\/www.inekom.fr\/wp-json\/wp\/v2\/types\/page"}],"author":[{"embeddable":true,"href":"https:\/\/www.inekom.fr\/wp-json\/wp\/v2\/users\/1"}],"replies":[{"embeddable":true,"href":"https:\/\/www.inekom.fr\/wp-json\/wp\/v2\/comments?post=27"}],"version-history":[{"count":27,"href":"https:\/\/www.inekom.fr\/wp-json\/wp\/v2\/pages\/27\/revisions"}],"predecessor-version":[{"id":1467,"href":"https:\/\/www.inekom.fr\/wp-json\/wp\/v2\/pages\/27\/revisions\/1467"}],"wp:attachment":[{"href":"https:\/\/www.inekom.fr\/wp-json\/wp\/v2\/media?parent=27"}],"curies":[{"name":"wp","href":"https:\/\/api.w.org\/{rel}","templated":true}]}}